{"id":1528,"date":"2024-05-17T13:35:04","date_gmt":"2024-05-17T13:35:04","guid":{"rendered":"https:\/\/airtechbpo.com\/soluciones-financieras\/"},"modified":"2024-06-07T19:40:19","modified_gmt":"2024-06-07T19:40:19","slug":"soluciones-financieras","status":"publish","type":"page","link":"https:\/\/airtechbpo.com\/es\/soluciones-financieras\/","title":{"rendered":"Soluciones Financieras"},"content":{"rendered":"<p>[et_pb_section fb_built=\u00bb1&#8243; custom_padding_last_edited=\u00bbon|desktop\u00bb _builder_version=\u00bb4.25.1&#8243; _module_preset=\u00bbdefault\u00bb background_color=\u00bb#234185&#8243; background_image=\u00bbhttps:\/\/airtechbpo.com\/wp-content\/uploads\/2024\/05\/Banner-financial.jpg\u00bb background_position=\u00bbbottom_center\u00bb positioning=\u00bbnone\u00bb height_tablet=\u00bb\u00bb height_phone=\u00bb\u00bb height_last_edited=\u00bbon|phone\u00bb custom_padding=\u00bb132px||132px||true|false\u00bb custom_padding_tablet=\u00bb124px||124px||true|false\u00bb custom_padding_phone=\u00bb30%||6%||false|false\u00bb background_last_edited=\u00bbon|tablet\u00bb background_image_phone=\u00bbhttps:\/\/airtechbpo.com\/wp-content\/uploads\/2024\/05\/Banner-financial-mobile.jpg\u00bb background_enable_image_phone=\u00bbon\u00bb background_size_phone=\u00bbcover\u00bb background_position_tablet=\u00bbcenter_right\u00bb background_position_phone=\u00bbcenter\u00bb background_horizontal_offset_tablet=\u00bb10%\u00bb locked=\u00bboff\u00bb global_colors_info=\u00bb{}\u00bb custom_css_main_element_last_edited=\u00bbon|phone\u00bb custom_css_main_element_phone=\u00bbdisplay: flex; ||flex-direction: column; ||justify-content: center;\u00bb][et_pb_row column_structure=\u00bb1_2,1_2&#8243; use_custom_gutter=\u00bbon\u00bb gutter_width=\u00bb2&#8243; make_equal=\u00bbon\u00bb custom_padding_last_edited=\u00bbon|phone\u00bb _builder_version=\u00bb4.25.1&#8243; _module_preset=\u00bbdefault\u00bb width=\u00bb90%\u00bb max_width=\u00bb90%\u00bb module_alignment=\u00bbcenter\u00bb custom_margin=\u00bb6%||||false|false\u00bb custom_margin_tablet=\u00bb10%||||false|false\u00bb custom_margin_phone=\u00bb20%||||false|false\u00bb custom_margin_last_edited=\u00bbon|phone\u00bb custom_padding_tablet=\u00bb\u00bb custom_padding_phone=\u00bb||0px||false|false\u00bb global_colors_info=\u00bb{}\u00bb custom_css_main_element_last_edited=\u00bbon|phone\u00bb custom_css_main_element_phone=\u00bbdisplay: flex;||flex-wrap: wrap;\u00bb][et_pb_column type=\u00bb1_2&#8243; _builder_version=\u00bb4.25.1&#8243; _module_preset=\u00bbdefault\u00bb custom_css_main_element=\u00bbdisplay: flex;||flex-direction: column;||justify-content: center;\u00bb global_colors_info=\u00bb{}\u00bb custom_css_main_element_last_edited=\u00bbon|tablet\u00bb custom_css_main_element_phone=\u00bbwidth:100% !important;||order: 1;\u00bb custom_css_main_element_tablet=\u00bbdisplay: flex;||flex-direction: column;||justify-content: center;\u00bb][et_pb_image src=\u00bbhttps:\/\/airtechbpo.com\/wp-content\/uploads\/2024\/05\/Recurso-3.png\u00bb title_text=\u00bbRecurso 3&#8243; _builder_version=\u00bb4.25.1&#8243; _module_preset=\u00bbdefault\u00bb width_tablet=\u00bb30%\u00bb width_phone=\u00bb24%\u00bb width_last_edited=\u00bbon|phone\u00bb max_width_tablet=\u00bb\u00bb max_width_phone=\u00bb\u00bb max_width_last_edited=\u00bbon|phone\u00bb global_colors_info=\u00bb{}\u00bb][\/et_pb_image][et_pb_text _builder_version=\u00bb4.25.1&#8243; _module_preset=\u00bbdefault\u00bb header_font=\u00bb|700|||||||\u00bb header_text_color=\u00bb#FFFFFF\u00bb header_font_size=\u00bb5em\u00bb header_line_height=\u00bb1.1em\u00bb header_2_font=\u00bb|700|||||||\u00bb header_2_text_color=\u00bb#FFFFFF\u00bb header_2_font_size=\u00bb5em\u00bb header_2_line_height=\u00bb1.1em\u00bb width_tablet=\u00bb57%\u00bb width_phone=\u00bb74%\u00bb width_last_edited=\u00bbon|tablet\u00bb custom_margin=\u00bb||0px||false|false\u00bb header_font_size_tablet=\u00bb3em\u00bb header_font_size_phone=\u00bb2.8em\u00bb header_font_size_last_edited=\u00bbon|desktop\u00bb header_line_height_tablet=\u00bb1.1em\u00bb header_line_height_phone=\u00bb1.1em\u00bb header_line_height_last_edited=\u00bbon|desktop\u00bb header_2_font_size_tablet=\u00bb3em\u00bb header_2_font_size_phone=\u00bb3em\u00bb header_2_font_size_last_edited=\u00bbon|tablet\u00bb global_colors_info=\u00bb{}\u00bb]<\/p>\n<h1>Externalizaci\u00f3n de Soluciones Financieras<\/h1>\n<p>[\/et_pb_text][et_pb_text _builder_version=\u00bb4.25.1&#8243; _module_preset=\u00bbdefault\u00bb text_text_color=\u00bb#FFC700&#8243; text_font_size=\u00bb1.4em\u00bb text_font_size_tablet=\u00bb1.3em\u00bb text_font_size_phone=\u00bb1.2em\u00bb text_font_size_last_edited=\u00bbon|phone\u00bb global_colors_info=\u00bb{}\u00bb]<a href=\"https:\/\/airtechbpo.com\/es\/solicitar-presupuesto\/\" class=\"button\">Cotizaci\u00f3n gratis \u2794<\/a>[\/et_pb_text][\/et_pb_column][et_pb_column type=\u00bb1_2&#8243; _builder_version=\u00bb4.25.1&#8243; _module_preset=\u00bbdefault\u00bb global_colors_info=\u00bb{}\u00bb custom_css_main_element_last_edited=\u00bbon|tablet\u00bb custom_css_main_element_phone=\u00bbwidth:100%;\u00bb][\/et_pb_column][\/et_pb_row][\/et_pb_section][et_pb_section fb_built=\u00bb1&#8243; custom_padding_last_edited=\u00bbon|tablet\u00bb _builder_version=\u00bb4.25.1&#8243; _module_preset=\u00bbdefault\u00bb custom_padding_tablet=\u00bb2%||||false|false\u00bb custom_padding_phone=\u00bb8%||||false|false\u00bb global_colors_info=\u00bb{}\u00bb][et_pb_row column_structure=\u00bb2_5,3_5&#8243; use_custom_gutter=\u00bbon\u00bb make_equal=\u00bbon\u00bb custom_padding_last_edited=\u00bbon|phone\u00bb _builder_version=\u00bb4.25.1&#8243; _module_preset=\u00bbdefault\u00bb width=\u00bb90%\u00bb max_width=\u00bb90%\u00bb custom_padding=\u00bb0px||0px||false|false\u00bb custom_padding_tablet=\u00bb0px||||false|false\u00bb custom_padding_phone=\u00bb||0px||false|false\u00bb global_colors_info=\u00bb{}\u00bb][et_pb_column type=\u00bb2_5&#8243; _builder_version=\u00bb4.25.1&#8243; _module_preset=\u00bbdefault\u00bb custom_css_main_element=\u00bbmargin:auto;\u00bb global_colors_info=\u00bb{}\u00bb][et_pb_text _builder_version=\u00bb4.25.1&#8243; _module_preset=\u00bbdefault\u00bb header_3_font=\u00bb&#8211;et_global_heading_font|500|||||||\u00bb header_3_text_color=\u00bb#234185&#8243; header_3_font_size=\u00bb2.5em\u00bb header_3_line_height=\u00bb1.1em\u00bb custom_margin=\u00bb||3%||false|false\u00bb custom_padding=\u00bb||||false|false\u00bb header_3_font_size_tablet=\u00bb2em\u00bb header_3_font_size_phone=\u00bb1.6em\u00bb header_3_font_size_last_edited=\u00bbon|desktop\u00bb header_3_line_height_tablet=\u00bb1.1em\u00bb header_3_line_height_phone=\u00bb1.1em\u00bb header_3_line_height_last_edited=\u00bbon|desktop\u00bb text_orientation_tablet=\u00bbcenter\u00bb text_orientation_phone=\u00bbcenter\u00bb text_orientation_last_edited=\u00bbon|tablet\u00bb locked=\u00bboff\u00bb global_colors_info=\u00bb{}\u00bb]<\/p>\n<h3>Recaudaci\u00f3n y otros<br \/>servicios financieros<\/h3>\n<p>[\/et_pb_text][et_pb_text _builder_version=\u00bb4.25.1&#8243; _module_preset=\u00bbdefault\u00bb text_text_color=\u00bb#091021&#8243; text_font_size=\u00bb1em\u00bb width_tablet=\u00bb72%\u00bb width_phone=\u00bb84%\u00bb width_last_edited=\u00bbon|tablet\u00bb text_orientation_tablet=\u00bbcenter\u00bb text_orientation_phone=\u00bbcenter\u00bb text_orientation_last_edited=\u00bbon|tablet\u00bb module_alignment_tablet=\u00bbcenter\u00bb module_alignment_phone=\u00bbcenter\u00bb module_alignment_last_edited=\u00bbon|tablet\u00bb locked=\u00bboff\u00bb global_colors_info=\u00bb{}\u00bb]<\/p>\n<p>Para satisfacer requisitos de servicios financieros y contables, en los que el cumplimiento de la normativa es fundamental, <strong>Airtech BPO<\/strong> aporta su experiencia en cumplimiento de la normativa y estrategias consolidadas de mitigaci\u00f3n de riesgos.<\/p>\n<p>[\/et_pb_text][et_pb_text _builder_version=\u00bb4.25.1&#8243; _module_preset=\u00bbdefault\u00bb text_text_color=\u00bb#E95D70&#8243; text_font_size=\u00bb1.4em\u00bb link_text_color=\u00bb#E95D70&#8243; custom_margin_tablet=\u00bb0px||||false|false\u00bb custom_margin_phone=\u00bb0px||||false|false\u00bb custom_margin_last_edited=\u00bbon|tablet\u00bb custom_padding_tablet=\u00bb||6%||false|false\u00bb custom_padding_phone=\u00bb||6%||false|false\u00bb custom_padding_last_edited=\u00bbon|tablet\u00bb text_font_size_tablet=\u00bb1.3em\u00bb text_font_size_phone=\u00bb1.2em\u00bb text_font_size_last_edited=\u00bbon|phone\u00bb text_orientation_tablet=\u00bbcenter\u00bb text_orientation_phone=\u00bbcenter\u00bb text_orientation_last_edited=\u00bbon|tablet\u00bb border_color_all=\u00bb#E95D70&#8243; locked=\u00bboff\u00bb global_colors_info=\u00bb{}\u00bb]<a href=\"https:\/\/airtechbpo.com\/es\/solicitar-presupuesto\/\" class=\"button2\">Cotiza gratis \u2794<\/a>[\/et_pb_text][\/et_pb_column][et_pb_column type=\u00bb3_5&#8243; _builder_version=\u00bb4.25.1&#8243; _module_preset=\u00bbdefault\u00bb global_colors_info=\u00bb{}\u00bb][et_pb_image src=\u00bbhttps:\/\/airtechbpo.com\/wp-content\/uploads\/2024\/05\/image-financial-custom.jpg\u00bb alt=\u00bbImage nearshore\u00bb title_text=\u00bbimage-financial-custom\u00bb align=\u00bbright\u00bb _builder_version=\u00bb4.25.1&#8243; _module_preset=\u00bbdefault\u00bb border_radii=\u00bbon|16px|16px|16px|16px\u00bb global_colors_info=\u00bb{}\u00bb][\/et_pb_image][\/et_pb_column][\/et_pb_row][\/et_pb_section][et_pb_section fb_built=\u00bb1&#8243; custom_padding_last_edited=\u00bbon|tablet\u00bb _builder_version=\u00bb4.25.1&#8243; _module_preset=\u00bbdefault\u00bb custom_padding=\u00bb2%||2%||true|false\u00bb custom_padding_tablet=\u00bb0%||0%||true|false\u00bb custom_padding_phone=\u00bb0%||0%||true|false\u00bb global_colors_info=\u00bb{}\u00bb][et_pb_row column_structure=\u00bb1_2,1_2&#8243; use_custom_gutter=\u00bbon\u00bb gutter_width=\u00bb4&#8243; make_equal=\u00bbon\u00bb custom_padding_last_edited=\u00bbon|desktop\u00bb _builder_version=\u00bb4.25.1&#8243; _module_preset=\u00bbdefault\u00bb background_color=\u00bb#000000&#8243; background_image=\u00bbhttps:\/\/airtechbpo.com\/wp-content\/uploads\/2024\/05\/Banner-financial-potencial.jpg\u00bb width=\u00bb90%\u00bb max_width=\u00bb90%\u00bb custom_padding=\u00bb6%||6%||true|false\u00bb custom_padding_tablet=\u00bb5%||5%||true|false\u00bb custom_padding_phone=\u00bb5%||5%||true|false\u00bb border_radii=\u00bbon|30px|30px|30px|30px\u00bb border_radii_tablet=\u00bbon|24px|24px|24px|24px\u00bb border_radii_phone=\u00bbon|14px|14px|14px|14px\u00bb border_radii_last_edited=\u00bbon|tablet\u00bb global_colors_info=\u00bb{}\u00bb][et_pb_column type=\u00bb1_2&#8243; _builder_version=\u00bb4.25.1&#8243; _module_preset=\u00bbdefault\u00bb global_colors_info=\u00bb{}\u00bb][\/et_pb_column][et_pb_column type=\u00bb1_2&#8243; _builder_version=\u00bb4.25.1&#8243; _module_preset=\u00bbdefault\u00bb global_colors_info=\u00bb{}\u00bb][et_pb_text _builder_version=\u00bb4.25.1&#8243; _module_preset=\u00bbdefault\u00bb text_text_color=\u00bb#FFFFFF\u00bb text_font_size=\u00bb2.5em\u00bb text_line_height=\u00bb1.2em\u00bb width=\u00bb80%\u00bb width_tablet=\u00bb50%\u00bb width_phone=\u00bb70%\u00bb width_last_edited=\u00bbon|desktop\u00bb max_width_tablet=\u00bb\u00bb max_width_phone=\u00bb\u00bb max_width_last_edited=\u00bbon|desktop\u00bb module_alignment=\u00bbcenter\u00bb custom_padding_tablet=\u00bb\u00bb custom_padding_phone=\u00bb4%||4%||true|false\u00bb custom_padding_last_edited=\u00bbon|phone\u00bb text_font_size_tablet=\u00bb1.5em\u00bb text_font_size_phone=\u00bb1.3em\u00bb text_font_size_last_edited=\u00bbon|desktop\u00bb text_orientation_tablet=\u00bbcenter\u00bb text_orientation_phone=\u00bbcenter\u00bb text_orientation_last_edited=\u00bbon|phone\u00bb global_colors_info=\u00bb{}\u00bb]<\/p>\n<p>Nuestro compromiso con la excelencia se evidencia en nuestros servicios personalizados de externalizaci\u00f3n financiera<br \/><strong><span style=\"color: #ffc700;\">adaptados a sus<br \/>necesidades espec\u00edficas.<\/span><\/strong><\/p>\n<p>[\/et_pb_text][\/et_pb_column][\/et_pb_row][\/et_pb_section][et_pb_section fb_built=\u00bb1&#8243; _builder_version=\u00bb4.25.1&#8243; _module_preset=\u00bbdefault\u00bb custom_margin_tablet=\u00bb||||false|false\u00bb custom_margin_phone=\u00bb||||false|false\u00bb custom_margin_last_edited=\u00bbon|tablet\u00bb custom_padding=\u00bb||4%||false|false\u00bb global_colors_info=\u00bb{}\u00bb][et_pb_row custom_padding_last_edited=\u00bbon|tablet\u00bb _builder_version=\u00bb4.25.1&#8243; _module_preset=\u00bbdefault\u00bb width=\u00bb85%\u00bb width_tablet=\u00bb90%\u00bb width_phone=\u00bb90%\u00bb width_last_edited=\u00bbon|phone\u00bb max_width=\u00bb85%\u00bb max_width_tablet=\u00bb90%\u00bb max_width_phone=\u00bb90%\u00bb max_width_last_edited=\u00bbon|phone\u00bb module_alignment=\u00bbcenter\u00bb custom_padding_tablet=\u00bb0px||0px||true|false\u00bb custom_padding_phone=\u00bb0px||0px||true|false\u00bb module_alignment_tablet=\u00bbcenter\u00bb module_alignment_phone=\u00bbcenter\u00bb module_alignment_last_edited=\u00bbon|desktop\u00bb global_colors_info=\u00bb{}\u00bb][et_pb_column type=\u00bb4_4&#8243; _builder_version=\u00bb4.25.1&#8243; _module_preset=\u00bbdefault\u00bb global_colors_info=\u00bb{}\u00bb][et_pb_text _builder_version=\u00bb4.25.1&#8243; _module_preset=\u00bbdefault\u00bb header_3_font=\u00bb&#8211;et_global_heading_font|500|||||||\u00bb header_3_text_color=\u00bb#091021&#8243; header_3_font_size=\u00bb2.5em\u00bb header_3_line_height=\u00bb1.1em\u00bb custom_margin=\u00bb||1%||false|false\u00bb custom_margin_tablet=\u00bb||1%||false|false\u00bb custom_margin_phone=\u00bb||1%||false|false\u00bb custom_margin_last_edited=\u00bbon|desktop\u00bb custom_padding=\u00bb||||false|false\u00bb header_3_font_size_tablet=\u00bb2em\u00bb header_3_font_size_phone=\u00bb1.5em\u00bb header_3_font_size_last_edited=\u00bbon|desktop\u00bb header_3_line_height_tablet=\u00bb1.1em\u00bb header_3_line_height_phone=\u00bb1.1em\u00bb header_3_line_height_last_edited=\u00bbon|desktop\u00bb text_orientation_tablet=\u00bbcenter\u00bb text_orientation_phone=\u00bbcenter\u00bb text_orientation_last_edited=\u00bbon|tablet\u00bb locked=\u00bboff\u00bb global_colors_info=\u00bb{}\u00bb]<\/p>\n<h3>Tercerizaci\u00f3n de Servicios financieros<br \/>y contables con Airtech BPO<\/h3>\n<p>[\/et_pb_text][revslider_divi revslider_divi=\u00bb%91rev_slider alias=%22Financial-Servicies-ES%22 slidertitle=%22Financial Servicies ES%22%93%91\/rev_slider%93&#8243; _builder_version=\u00bb4.25.1&#8243; _module_preset=\u00bbdefault\u00bb hover_enabled=\u00bb0&#8243; global_colors_info=\u00bb{}\u00bb sticky_enabled=\u00bb0&#8243;][\/revslider_divi][\/et_pb_column][\/et_pb_row][\/et_pb_section][et_pb_section fb_built=\u00bb1&#8243; custom_padding_last_edited=\u00bbon|phone\u00bb _builder_version=\u00bb4.25.1&#8243; _module_preset=\u00bbdefault\u00bb background_color=\u00bbrgba(211,217,231,0.25)\u00bb custom_padding=\u00bb4%||6%||false|false\u00bb custom_padding_tablet=\u00bb6%||6%||true|false\u00bb custom_padding_phone=\u00bb10%||12%||false|false\u00bb border_radii=\u00bboff|25px|25px||\u00bb locked=\u00bboff\u00bb global_colors_info=\u00bb{}\u00bb][et_pb_row column_structure=\u00bb1_2,1_2&#8243; use_custom_gutter=\u00bbon\u00bb gutter_width=\u00bb2&#8243; make_equal=\u00bbon\u00bb custom_padding_last_edited=\u00bbon|phone\u00bb _builder_version=\u00bb4.25.1&#8243; _module_preset=\u00bbdefault\u00bb background_color=\u00bb#091021&#8243; width=\u00bb90%\u00bb max_width=\u00bb90%\u00bb module_alignment=\u00bbcenter\u00bb custom_padding=\u00bb3%|4%|3%|4%|true|true\u00bb custom_padding_tablet=\u00bb5%|4%|5%|4%|true|true\u00bb custom_padding_phone=\u00bb8%|6%|8%|6%|true|true\u00bb border_radii=\u00bbon|14px|14px|14px|14px\u00bb global_colors_info=\u00bb{}\u00bb][et_pb_column type=\u00bb1_2&#8243; _builder_version=\u00bb4.25.1&#8243; _module_preset=\u00bbdefault\u00bb custom_css_main_element=\u00bbdisplay: flex;||flex-direction: column;||justify-content: center;\u00bb global_colors_info=\u00bb{}\u00bb][et_pb_text _builder_version=\u00bb4.25.1&#8243; _module_preset=\u00bbdefault\u00bb header_5_font=\u00bb&#8211;et_global_body_font|500|||||||\u00bb header_5_text_color=\u00bb#FFFFFF\u00bb header_5_font_size=\u00bb3em\u00bb custom_margin_tablet=\u00bb||4%||false|false\u00bb custom_margin_phone=\u00bb||4%||false|false\u00bb custom_margin_last_edited=\u00bbon|phone\u00bb header_5_text_align_tablet=\u00bbcenter\u00bb header_5_text_align_phone=\u00bbcenter\u00bb header_5_text_align_last_edited=\u00bbon|tablet\u00bb header_5_font_size_tablet=\u00bb2.2em\u00bb header_5_font_size_phone=\u00bb1.6em\u00bb header_5_font_size_last_edited=\u00bbon|tablet\u00bb global_colors_info=\u00bb{}\u00bb]<\/p>\n<h5>\u00bfListo para llevar<br \/>tu negocio al<br \/>siguiente nivel?<\/h5>\n<p>[\/et_pb_text][et_pb_text _builder_version=\u00bb4.25.1&#8243; _module_preset=\u00bbdefault\u00bb text_text_color=\u00bb#D3D9E7&#8243; text_font_size=\u00bb1.4em\u00bb text_line_height=\u00bb1.5em\u00bb width=\u00bb440px\u00bb width_tablet=\u00bb70%\u00bb width_phone=\u00bb100%\u00bb width_last_edited=\u00bbon|tablet\u00bb custom_margin_tablet=\u00bb||4%||false|false\u00bb custom_margin_phone=\u00bb||4%||false|false\u00bb custom_margin_last_edited=\u00bbon|phone\u00bb text_font_size_tablet=\u00bb1.2em\u00bb text_font_size_phone=\u00bb1em\u00bb text_font_size_last_edited=\u00bbon|phone\u00bb text_orientation_tablet=\u00bbcenter\u00bb text_orientation_phone=\u00bbcenter\u00bb text_orientation_last_edited=\u00bbon|phone\u00bb module_alignment_tablet=\u00bbcenter\u00bb module_alignment_phone=\u00bbcenter\u00bb module_alignment_last_edited=\u00bbon|tablet\u00bb global_colors_info=\u00bb{}\u00bb]<\/p>\n<p>Ofrecemos servicios con certificaci\u00f3n de seguridad transaccional que cumplen con las normas internacionales, dise\u00f1ados para satisfacer las necesidades financieras y contables espec\u00edficas de tu empresa.<\/p>\n<p>[\/et_pb_text][et_pb_text _builder_version=\u00bb4.25.1&#8243; _module_preset=\u00bbdefault\u00bb text_text_color=\u00bb#FFC700&#8243; text_font_size=\u00bb1.4em\u00bb text_font_size_tablet=\u00bb1.3em\u00bb text_font_size_phone=\u00bb1.2em\u00bb text_font_size_last_edited=\u00bbon|phone\u00bb text_orientation_tablet=\u00bbcenter\u00bb text_orientation_phone=\u00bbcenter\u00bb text_orientation_last_edited=\u00bbon|tablet\u00bb locked=\u00bboff\u00bb global_colors_info=\u00bb{}\u00bb]<a href=\"https:\/\/airtechbpo.com\/es\/solicitar-presupuesto\/\" class=\"button\">Comienza hoy \u2794<\/a>[\/et_pb_text][\/et_pb_column][et_pb_column type=\u00bb1_2&#8243; _builder_version=\u00bb4.25.1&#8243; _module_preset=\u00bbdefault\u00bb global_colors_info=\u00bb{}\u00bb][et_pb_image src=\u00bbhttps:\/\/airtechbpo.com\/wp-content\/uploads\/2024\/05\/imagen-business.jpg\u00bb title_text=\u00bbimagen-business\u00bb _builder_version=\u00bb4.25.1&#8243; _module_preset=\u00bbdefault\u00bb border_radii=\u00bbon|16px|16px|16px|16px\u00bb global_colors_info=\u00bb{}\u00bb][\/et_pb_image][\/et_pb_column][\/et_pb_row][\/et_pb_section]<\/p>\n","protected":false},"excerpt":{"rendered":"<p>Externalizaci\u00f3n de Soluciones FinancierasCotizaci\u00f3n gratis \u2794Recaudaci\u00f3n y otrosservicios financierosPara satisfacer requisitos de servicios financieros y contables, en los que el cumplimiento de la normativa es fundamental, Airtech BPO aporta su experiencia en cumplimiento de la normativa y estrategias consolidadas de mitigaci\u00f3n de riesgos.Cotiza gratis \u2794Nuestro compromiso con la excelencia se evidencia en nuestros servicios personalizados [&hellip;]<\/p>\n","protected":false},"author":1,"featured_media":1478,"parent":0,"menu_order":0,"comment_status":"closed","ping_status":"closed","template":"","meta":{"_et_pb_use_builder":"on","_et_pb_old_content":"","_et_gb_content_width":"","inline_featured_image":false,"_joinchat":[],"footnotes":""},"class_list":["post-1528","page","type-page","status-publish","has-post-thumbnail","hentry"],"yoast_head":"<!-- This site is optimized with the Yoast SEO plugin v26.9 - https:\/\/yoast.com\/product\/yoast-seo-wordpress\/ -->\n<title>AirTech: Servicios financieros para mejorar el rendimiento empresarial<\/title>\n<meta name=\"description\" content=\"Explore los servicios financieros de AirTech para optimizar el rendimiento y la rentabilidad de su marca.\" \/>\n<meta name=\"robots\" content=\"index, follow, max-snippet:-1, max-image-preview:large, max-video-preview:-1\" \/>\n<link rel=\"canonical\" href=\"https:\/\/airtechbpo.com\/es\/soluciones-financieras\/\" \/>\n<meta property=\"og:locale\" content=\"es_ES\" \/>\n<meta property=\"og:type\" content=\"article\" \/>\n<meta property=\"og:title\" content=\"AirTech: Servicios financieros para mejorar el rendimiento empresarial\" \/>\n<meta property=\"og:description\" content=\"Explore los servicios financieros de AirTech para optimizar el rendimiento y la rentabilidad de su marca.\" \/>\n<meta property=\"og:url\" content=\"https:\/\/airtechbpo.com\/es\/soluciones-financieras\/\" \/>\n<meta property=\"og:site_name\" content=\"Airtech\" \/>\n<meta property=\"article:modified_time\" content=\"2024-06-07T19:40:19+00:00\" \/>\n<meta property=\"og:image\" content=\"https:\/\/airtechbpo.com\/wp-content\/uploads\/2024\/05\/image-post-3.jpg\" \/>\n\t<meta property=\"og:image:width\" content=\"515\" \/>\n\t<meta property=\"og:image:height\" content=\"380\" \/>\n\t<meta property=\"og:image:type\" content=\"image\/jpeg\" \/>\n<meta name=\"twitter:card\" content=\"summary_large_image\" \/>\n<meta name=\"twitter:label1\" content=\"Tiempo de lectura\" \/>\n\t<meta name=\"twitter:data1\" content=\"10 minutos\" \/>\n<!-- \/ Yoast SEO plugin. -->","yoast_head_json":{"title":"AirTech: Servicios financieros para mejorar el rendimiento empresarial","description":"Explore los servicios financieros de AirTech para optimizar el rendimiento y la rentabilidad de su marca.","robots":{"index":"index","follow":"follow","max-snippet":"max-snippet:-1","max-image-preview":"max-image-preview:large","max-video-preview":"max-video-preview:-1"},"canonical":"https:\/\/airtechbpo.com\/es\/soluciones-financieras\/","og_locale":"es_ES","og_type":"article","og_title":"AirTech: Servicios financieros para mejorar el rendimiento empresarial","og_description":"Explore los servicios financieros de AirTech para optimizar el rendimiento y la rentabilidad de su marca.","og_url":"https:\/\/airtechbpo.com\/es\/soluciones-financieras\/","og_site_name":"Airtech","article_modified_time":"2024-06-07T19:40:19+00:00","og_image":[{"width":515,"height":380,"url":"https:\/\/airtechbpo.com\/wp-content\/uploads\/2024\/05\/image-post-3.jpg","type":"image\/jpeg"}],"twitter_card":"summary_large_image","twitter_misc":{"Tiempo de lectura":"10 minutos"},"schema":{"@context":"https:\/\/schema.org","@graph":[{"@type":"WebPage","@id":"https:\/\/airtechbpo.com\/es\/soluciones-financieras\/","url":"https:\/\/airtechbpo.com\/es\/soluciones-financieras\/","name":"AirTech: Servicios financieros para mejorar el rendimiento empresarial","isPartOf":{"@id":"https:\/\/airtechbpo.com\/es\/#website"},"primaryImageOfPage":{"@id":"https:\/\/airtechbpo.com\/es\/soluciones-financieras\/#primaryimage"},"image":{"@id":"https:\/\/airtechbpo.com\/es\/soluciones-financieras\/#primaryimage"},"thumbnailUrl":"https:\/\/airtechbpo.com\/wp-content\/uploads\/2024\/05\/image-post-3.jpg","datePublished":"2024-05-17T13:35:04+00:00","dateModified":"2024-06-07T19:40:19+00:00","description":"Explore los servicios financieros de AirTech para optimizar el rendimiento y la rentabilidad de su marca.","breadcrumb":{"@id":"https:\/\/airtechbpo.com\/es\/soluciones-financieras\/#breadcrumb"},"inLanguage":"es","potentialAction":[{"@type":"ReadAction","target":["https:\/\/airtechbpo.com\/es\/soluciones-financieras\/"]}]},{"@type":"ImageObject","inLanguage":"es","@id":"https:\/\/airtechbpo.com\/es\/soluciones-financieras\/#primaryimage","url":"https:\/\/airtechbpo.com\/wp-content\/uploads\/2024\/05\/image-post-3.jpg","contentUrl":"https:\/\/airtechbpo.com\/wp-content\/uploads\/2024\/05\/image-post-3.jpg","width":515,"height":380},{"@type":"BreadcrumbList","@id":"https:\/\/airtechbpo.com\/es\/soluciones-financieras\/#breadcrumb","itemListElement":[{"@type":"ListItem","position":1,"name":"Home","item":"https:\/\/airtechbpo.com\/es\/"},{"@type":"ListItem","position":2,"name":"Soluciones Financieras"}]},{"@type":"WebSite","@id":"https:\/\/airtechbpo.com\/es\/#website","url":"https:\/\/airtechbpo.com\/es\/","name":"Airtech","description":"Airtech","potentialAction":[{"@type":"SearchAction","target":{"@type":"EntryPoint","urlTemplate":"https:\/\/airtechbpo.com\/es\/?s={search_term_string}"},"query-input":{"@type":"PropertyValueSpecification","valueRequired":true,"valueName":"search_term_string"}}],"inLanguage":"es"}]}},"_links":{"self":[{"href":"https:\/\/airtechbpo.com\/es\/wp-json\/wp\/v2\/pages\/1528","targetHints":{"allow":["GET"]}}],"collection":[{"href":"https:\/\/airtechbpo.com\/es\/wp-json\/wp\/v2\/pages"}],"about":[{"href":"https:\/\/airtechbpo.com\/es\/wp-json\/wp\/v2\/types\/page"}],"author":[{"embeddable":true,"href":"https:\/\/airtechbpo.com\/es\/wp-json\/wp\/v2\/users\/1"}],"replies":[{"embeddable":true,"href":"https:\/\/airtechbpo.com\/es\/wp-json\/wp\/v2\/comments?post=1528"}],"version-history":[{"count":5,"href":"https:\/\/airtechbpo.com\/es\/wp-json\/wp\/v2\/pages\/1528\/revisions"}],"predecessor-version":[{"id":1708,"href":"https:\/\/airtechbpo.com\/es\/wp-json\/wp\/v2\/pages\/1528\/revisions\/1708"}],"wp:featuredmedia":[{"embeddable":true,"href":"https:\/\/airtechbpo.com\/es\/wp-json\/wp\/v2\/media\/1478"}],"wp:attachment":[{"href":"https:\/\/airtechbpo.com\/es\/wp-json\/wp\/v2\/media?parent=1528"}],"curies":[{"name":"wp","href":"https:\/\/api.w.org\/{rel}","templated":true}]}}