{"id":1540,"date":"2024-05-17T13:19:58","date_gmt":"2024-05-17T13:19:58","guid":{"rendered":"https:\/\/airtechbpo.com\/blog\/"},"modified":"2024-06-06T19:30:58","modified_gmt":"2024-06-06T19:30:58","slug":"blog","status":"publish","type":"page","link":"https:\/\/airtechbpo.com\/es\/blog\/","title":{"rendered":"Blog"},"content":{"rendered":"<p>[et_pb_section fb_built=\u00bb1&#8243; _builder_version=\u00bb4.25.1&#8243; _module_preset=\u00bbdefault\u00bb background_color=\u00bb#234185&#8243; custom_margin=\u00bb||||false|false\u00bb custom_padding=\u00bb5%||5%||false|false\u00bb global_colors_info=\u00bb{}\u00bb][et_pb_row _builder_version=\u00bb4.25.1&#8243; _module_preset=\u00bbdefault\u00bb hover_enabled=\u00bb0&#8243; global_colors_info=\u00bb{}\u00bb custom_margin_last_edited=\u00bbon|phone\u00bb custom_margin=\u00bb6%||||false|false\u00bb sticky_enabled=\u00bb0&#8243; custom_margin_tablet=\u00bb16%||||false|false\u00bb custom_margin_phone=\u00bb30%||||false|false\u00bb][et_pb_column type=\u00bb4_4&#8243; _builder_version=\u00bb4.25.1&#8243; _module_preset=\u00bbdefault\u00bb global_colors_info=\u00bb{}\u00bb][et_pb_text _builder_version=\u00bb4.25.1&#8243; _module_preset=\u00bbdefault\u00bb header_font=\u00bb|700|||||||\u00bb header_text_align=\u00bbcenter\u00bb header_text_color=\u00bb#FFFFFF\u00bb header_font_size=\u00bb5em\u00bb header_line_height=\u00bb1.1em\u00bb header_font_size_tablet=\u00bb4em\u00bb header_font_size_phone=\u00bb3em\u00bb header_font_size_last_edited=\u00bbon|desktop\u00bb global_colors_info=\u00bb{}\u00bb]<\/p>\n<h1>Blog Airtech<\/h1>\n<p>[\/et_pb_text][et_pb_image src=\u00bbhttps:\/\/airtechbpo.com\/wp-content\/uploads\/2024\/05\/icon-blog.png\u00bb title_text=\u00bbicon-blog\u00bb align=\u00bbcenter\u00bb _builder_version=\u00bb4.25.1&#8243; _module_preset=\u00bbdefault\u00bb position_origin_a=\u00bbbottom_center\u00bb position_origin_r=\u00bbbottom_left\u00bb vertical_offset=\u00bb-143px\u00bb z_index=\u00bb2&#8243; vertical_offset_tablet=\u00bb-95px\u00bb vertical_offset_phone=\u00bb-73px\u00bb vertical_offset_last_edited=\u00bbon|tablet\u00bb width=\u00bb12%\u00bb width_tablet=\u00bb14%\u00bb width_phone=\u00bb24%\u00bb width_last_edited=\u00bbon|desktop\u00bb custom_margin=\u00bb||-143px||false|false\u00bb global_colors_info=\u00bb{}\u00bb][\/et_pb_image][\/et_pb_column][\/et_pb_row][\/et_pb_section][et_pb_section fb_built=\u00bb1&#8243; _builder_version=\u00bb4.25.1&#8243; _module_preset=\u00bbdefault\u00bb custom_padding=\u00bb6%||||false|false\u00bb global_colors_info=\u00bb{}\u00bb][et_pb_row _builder_version=\u00bb4.25.1&#8243; _module_preset=\u00bbdefault\u00bb width=\u00bb90%\u00bb max_width=\u00bb90%\u00bb global_colors_info=\u00bb{}\u00bb][et_pb_column type=\u00bb4_4&#8243; _builder_version=\u00bb4.25.1&#8243; _module_preset=\u00bbdefault\u00bb global_colors_info=\u00bb{}\u00bb][et_pb_blog fullwidth=\u00bboff\u00bb show_author=\u00bboff\u00bb show_date=\u00bboff\u00bb show_categories=\u00bboff\u00bb show_excerpt=\u00bboff\u00bb _builder_version=\u00bb4.25.1&#8243; _module_preset=\u00bbdefault\u00bb header_font_size=\u00bb16px\u00bb header_line_height=\u00bb1.1em\u00bb border_width_all=\u00bb0px\u00bb border_radii_image=\u00bbon|16px|16px|16px|16px\u00bb global_colors_info=\u00bb{}\u00bb][\/et_pb_blog][\/et_pb_column][\/et_pb_row][\/et_pb_section]<\/p>\n","protected":false},"excerpt":{"rendered":"<p>Blog Airtech<\/p>\n","protected":false},"author":1,"featured_media":1476,"parent":0,"menu_order":0,"comment_status":"closed","ping_status":"closed","template":"","meta":{"_et_pb_use_builder":"on","_et_pb_old_content":"","_et_gb_content_width":"","inline_featured_image":false,"_joinchat":[],"footnotes":""},"class_list":["post-1540","page","type-page","status-publish","has-post-thumbnail","hentry"],"yoast_head":"<!-- This site is optimized with the Yoast SEO plugin v26.9 - https:\/\/yoast.com\/product\/yoast-seo-wordpress\/ -->\n<title>Blog de AirTech: Ideas sobre atenci\u00f3n al cliente y consultor\u00eda empresarial<\/title>\n<meta name=\"description\" content=\"Lea las \u00faltimas ideas de AirTech para mejorar el servicio al cliente y los procesos empresariales.\" \/>\n<meta name=\"robots\" content=\"index, follow, max-snippet:-1, max-image-preview:large, max-video-preview:-1\" \/>\n<link rel=\"canonical\" href=\"https:\/\/airtechbpo.com\/es\/blog\/\" \/>\n<meta property=\"og:locale\" content=\"es_ES\" \/>\n<meta property=\"og:type\" content=\"article\" \/>\n<meta property=\"og:title\" content=\"Blog de AirTech: Ideas sobre atenci\u00f3n al cliente y consultor\u00eda empresarial\" \/>\n<meta property=\"og:description\" content=\"Lea las \u00faltimas ideas de AirTech para mejorar el servicio al cliente y los procesos empresariales.\" \/>\n<meta property=\"og:url\" content=\"https:\/\/airtechbpo.com\/es\/blog\/\" \/>\n<meta property=\"og:site_name\" content=\"Airtech\" \/>\n<meta property=\"article:modified_time\" content=\"2024-06-06T19:30:58+00:00\" \/>\n<meta property=\"og:image\" content=\"https:\/\/airtechbpo.com\/wp-content\/uploads\/2024\/05\/imagen-post-2.jpg\" \/>\n\t<meta property=\"og:image:width\" content=\"514\" \/>\n\t<meta property=\"og:image:height\" content=\"376\" \/>\n\t<meta property=\"og:image:type\" content=\"image\/jpeg\" \/>\n<meta name=\"twitter:card\" content=\"summary_large_image\" \/>\n<meta name=\"twitter:label1\" content=\"Tiempo de lectura\" \/>\n\t<meta name=\"twitter:data1\" content=\"2 minutos\" \/>\n<!-- \/ Yoast SEO plugin. -->","yoast_head_json":{"title":"Blog de AirTech: Ideas sobre atenci\u00f3n al cliente y consultor\u00eda empresarial","description":"Lea las \u00faltimas ideas de AirTech para mejorar el servicio al cliente y los procesos empresariales.","robots":{"index":"index","follow":"follow","max-snippet":"max-snippet:-1","max-image-preview":"max-image-preview:large","max-video-preview":"max-video-preview:-1"},"canonical":"https:\/\/airtechbpo.com\/es\/blog\/","og_locale":"es_ES","og_type":"article","og_title":"Blog de AirTech: Ideas sobre atenci\u00f3n al cliente y consultor\u00eda empresarial","og_description":"Lea las \u00faltimas ideas de AirTech para mejorar el servicio al cliente y los procesos empresariales.","og_url":"https:\/\/airtechbpo.com\/es\/blog\/","og_site_name":"Airtech","article_modified_time":"2024-06-06T19:30:58+00:00","og_image":[{"width":514,"height":376,"url":"https:\/\/airtechbpo.com\/wp-content\/uploads\/2024\/05\/imagen-post-2.jpg","type":"image\/jpeg"}],"twitter_card":"summary_large_image","twitter_misc":{"Tiempo de lectura":"2 minutos"},"schema":{"@context":"https:\/\/schema.org","@graph":[{"@type":"WebPage","@id":"https:\/\/airtechbpo.com\/es\/blog\/","url":"https:\/\/airtechbpo.com\/es\/blog\/","name":"Blog de AirTech: Ideas sobre atenci\u00f3n al cliente y consultor\u00eda empresarial","isPartOf":{"@id":"https:\/\/airtechbpo.com\/es\/#website"},"primaryImageOfPage":{"@id":"https:\/\/airtechbpo.com\/es\/blog\/#primaryimage"},"image":{"@id":"https:\/\/airtechbpo.com\/es\/blog\/#primaryimage"},"thumbnailUrl":"https:\/\/airtechbpo.com\/wp-content\/uploads\/2024\/05\/imagen-post-2.jpg","datePublished":"2024-05-17T13:19:58+00:00","dateModified":"2024-06-06T19:30:58+00:00","description":"Lea las \u00faltimas ideas de AirTech para mejorar el servicio al cliente y los procesos empresariales.","breadcrumb":{"@id":"https:\/\/airtechbpo.com\/es\/blog\/#breadcrumb"},"inLanguage":"es","potentialAction":[{"@type":"ReadAction","target":["https:\/\/airtechbpo.com\/es\/blog\/"]}]},{"@type":"ImageObject","inLanguage":"es","@id":"https:\/\/airtechbpo.com\/es\/blog\/#primaryimage","url":"https:\/\/airtechbpo.com\/wp-content\/uploads\/2024\/05\/imagen-post-2.jpg","contentUrl":"https:\/\/airtechbpo.com\/wp-content\/uploads\/2024\/05\/imagen-post-2.jpg","width":514,"height":376},{"@type":"BreadcrumbList","@id":"https:\/\/airtechbpo.com\/es\/blog\/#breadcrumb","itemListElement":[{"@type":"ListItem","position":1,"name":"Home","item":"https:\/\/airtechbpo.com\/es\/"},{"@type":"ListItem","position":2,"name":"Blog"}]},{"@type":"WebSite","@id":"https:\/\/airtechbpo.com\/es\/#website","url":"https:\/\/airtechbpo.com\/es\/","name":"Airtech","description":"Airtech","potentialAction":[{"@type":"SearchAction","target":{"@type":"EntryPoint","urlTemplate":"https:\/\/airtechbpo.com\/es\/?s={search_term_string}"},"query-input":{"@type":"PropertyValueSpecification","valueRequired":true,"valueName":"search_term_string"}}],"inLanguage":"es"}]}},"_links":{"self":[{"href":"https:\/\/airtechbpo.com\/es\/wp-json\/wp\/v2\/pages\/1540","targetHints":{"allow":["GET"]}}],"collection":[{"href":"https:\/\/airtechbpo.com\/es\/wp-json\/wp\/v2\/pages"}],"about":[{"href":"https:\/\/airtechbpo.com\/es\/wp-json\/wp\/v2\/types\/page"}],"author":[{"embeddable":true,"href":"https:\/\/airtechbpo.com\/es\/wp-json\/wp\/v2\/users\/1"}],"replies":[{"embeddable":true,"href":"https:\/\/airtechbpo.com\/es\/wp-json\/wp\/v2\/comments?post=1540"}],"version-history":[{"count":3,"href":"https:\/\/airtechbpo.com\/es\/wp-json\/wp\/v2\/pages\/1540\/revisions"}],"predecessor-version":[{"id":1543,"href":"https:\/\/airtechbpo.com\/es\/wp-json\/wp\/v2\/pages\/1540\/revisions\/1543"}],"wp:featuredmedia":[{"embeddable":true,"href":"https:\/\/airtechbpo.com\/es\/wp-json\/wp\/v2\/media\/1476"}],"wp:attachment":[{"href":"https:\/\/airtechbpo.com\/es\/wp-json\/wp\/v2\/media?parent=1540"}],"curies":[{"name":"wp","href":"https:\/\/api.w.org\/{rel}","templated":true}]}}