{"id":1552,"date":"2024-05-17T13:35:49","date_gmt":"2024-05-17T13:35:49","guid":{"rendered":"https:\/\/airtechbpo.com\/terminos-y-condiciones\/"},"modified":"2024-06-06T20:22:49","modified_gmt":"2024-06-06T20:22:49","slug":"terminos-y-condiciones","status":"publish","type":"page","link":"https:\/\/airtechbpo.com\/es\/terminos-y-condiciones\/","title":{"rendered":"T\u00e9rminos y Condiciones"},"content":{"rendered":"<p>[et_pb_section fb_built=\u00bb1&#8243; _builder_version=\u00bb4.25.1&#8243; _module_preset=\u00bbdefault\u00bb global_colors_info=\u00bb{}\u00bb][et_pb_row _builder_version=\u00bb4.25.1&#8243; _module_preset=\u00bbdefault\u00bb width=\u00bb90%\u00bb max_width=\u00bb90%\u00bb custom_margin=\u00bb7%||||false|false\u00bb custom_margin_tablet=\u00bb15%||||false|false\u00bb custom_margin_phone=\u00bb30%||||false|false\u00bb custom_margin_last_edited=\u00bbon|phone\u00bb global_colors_info=\u00bb{}\u00bb][et_pb_column type=\u00bb4_4&#8243; _builder_version=\u00bb4.25.1&#8243; _module_preset=\u00bbdefault\u00bb global_colors_info=\u00bb{}\u00bb][et_pb_text _builder_version=\u00bb4.25.1&#8243; _module_preset=\u00bbdefault\u00bb text_font=\u00bb&#8211;et_global_heading_font|600|||||||\u00bb text_text_color=\u00bb#091021&#8243; text_font_size=\u00bb2em\u00bb text_font_size_tablet=\u00bb1.7em\u00bb text_font_size_phone=\u00bb1.4em\u00bb text_font_size_last_edited=\u00bbon|phone\u00bb global_colors_info=\u00bb{}\u00bb]<\/p>\n<p style=\"text-align: center;\">Uso del Sitio Web de Airtech BPO<\/p>\n<p>[\/et_pb_text][et_pb_text _builder_version=\u00bb4.25.1&#8243; _module_preset=\u00bbdefault\u00bb text_font=\u00bb&#8211;et_global_body_font||||||||\u00bb text_text_color=\u00bb#091021&#8243; hover_enabled=\u00bb0&#8243; global_colors_info=\u00bb{}\u00bb sticky_enabled=\u00bb0&#8243;]<\/p>\n<p><strong>1. Introducci\u00f3n<\/strong><\/p>\n<p>Estos T\u00e9rminos y Condiciones rigen su acceso y uso del sitio web de Airtech BPO, ubicado en www.airtechbpo.com. Al usar el Sitio Web, usted acepta estar sujeto a estos T\u00e9rminos y Condiciones. Si no est\u00e1 de acuerdo con todos estos T\u00e9rminos y Condiciones, tiene prohibido usar el Sitio Web y debe dejar de usarlo de inmediato.<\/p>\n<p><strong>2. Definiciones<\/strong><br \/>Dentro de estos T\u00e9rminos y Condiciones, los siguientes t\u00e9rminos en may\u00fasculas tienen los significados especificados a continuaci\u00f3n:<\/p>\n<p>\u2022 \u201cContenido\u201d se refiere a cualquier texto, im\u00e1genes, audio, video u otros materiales disponibles en el Sitio Web.<\/p>\n<p>\u2022 \u201cUsuario\u201d se refiere a cualquier persona o entidad que acceda o use el Sitio Web.<\/p>\n<p>\u2022 \u201cNosotros\u201d, \u201cnos\u201d, \u201cnuestro\u201d y \u201cCompa\u00f1\u00eda\u201d se refieren a Airtech BPO, el propietario y operador del Sitio Web.<\/p>\n<p><strong>3. Conducta del Usuario<\/strong><br \/>Su uso del Sitio Web est\u00e1 condicionado a su acuerdo de cumplir con estos T\u00e9rminos y Condiciones y todas las leyes aplicables. Usted se compromete a abstenerse de las siguientes actividades:<\/p>\n<p>\u2022 Participar en actividades ilegales o acciones que violen estos T\u00e9rminos y Condiciones.<br \/>\u2022 Transmitir mensajes comerciales no solicitados, como spam o materiales promocionales.<br \/>\u2022 Compartir contenido protegido por derechos de propiedad intelectual sin la debida autorizaci\u00f3n del propietario.<br \/>\u2022 Hacerse pasar por otros o tergiversar su afiliaci\u00f3n con cualquier persona o entidad.<br \/>\u2022 Interrumpir el funcionamiento del Sitio Web o interferir con la experiencia de otros usuarios.<br \/>\u2022 Intentar acceder sin autorizaci\u00f3n a \u00e1reas restringidas del Sitio Web o sistemas conectados.<br \/>\u2022 Subir o transmitir software malicioso como virus o gusanos.<\/p>\n<p><strong>4. Contenido<\/strong><\/p>\n<p>Airtech BPO no hace representaciones ni garant\u00edas, expresas o impl\u00edcitas, respecto al Contenido en el Sitio Web. El Contenido se proporciona \u00abtal cual\u00bb y Airtech BPO renuncia a toda responsabilidad por cualquier da\u00f1o derivado del uso del Contenido. Airtech BPO se reserva el derecho de modificar o eliminar cualquier Contenido del Sitio Web en cualquier momento, sin previo aviso.<\/p>\n<p><strong>5. Propiedad Intelectual<\/strong><\/p>\n<p class=\"p1\">Todo el Contenido del Sitio Web es propiedad de Airtech BPO o de sus licenciantes y est\u00e1 protegido por leyes de derechos de autor y otras leyes de propiedad intelectual. Usted no puede copiar, reproducir, distribuir, modificar, mostrar o crear obras derivadas de cualquier Contenido en el Sitio Web sin el consentimiento previo por escrito de Airtech BPO.<\/p>\n<p class=\"p1\"><b>6. Pol\u00edtica de Privacidad <\/b><\/p>\n<p class=\"p1\">Nuestra Pol\u00edtica de Privacidad rige la recopilaci\u00f3n y el uso de su informaci\u00f3n personal. Por favor, revise nuestra Pol\u00edtica de Privacidad [link to privacy policy] para obtener m\u00e1s informaci\u00f3n.<\/p>\n<p class=\"p1\"><b>7. Enlaces a Otros Sitios Web <\/b><\/p>\n<p class=\"p1\">El Sitio Web puede contener enlaces a otros sitios web que no son propiedad ni est\u00e1n operados por Airtech BPO. Airtech BPO no tiene control sobre el contenido o las pr\u00e1cticas de estos sitios web y no los respalda. Usted accede a estos otros sitios web bajo su propio riesgo.<\/p>\n<p class=\"p1\"><b>8. Limitaci\u00f3n de Responsabilidad <\/b><\/p>\n<p class=\"p1\">Airtech BPO siempre se esforzar\u00e1 por proporcionar una experiencia de sitio web confiable y segura. Sin embargo, ocasionalmente pueden surgir problemas t\u00e9cnicos imprevistos. Aunque Airtech BPO toma medidas proactivas para prevenirlos, no podemos garantizar un funcionamiento ininterrumpido o sin errores. El uso de cualquier sitio web implica inherentemente algunos riesgos. Airtech BPO no ser\u00e1 responsable de las consecuencias no intencionadas que surjan de su uso del Sitio Web, incluidas p\u00e9rdidas de beneficios, datos o buena voluntad. Recomendamos el uso responsable del Sitio Web y tomar precauciones para proteger su informaci\u00f3n y dispositivos.<\/p>\n<p>[\/et_pb_text][\/et_pb_column][\/et_pb_row][\/et_pb_section]<\/p>\n","protected":false},"excerpt":{"rendered":"<p>Uso del Sitio Web de Airtech BPO1. Introducci\u00f3n Estos T\u00e9rminos y Condiciones rigen su acceso y uso del sitio web de Airtech BPO, ubicado en www.airtechbpo.com. Al usar el Sitio Web, usted acepta estar sujeto a estos T\u00e9rminos y Condiciones. Si no est\u00e1 de acuerdo con todos estos T\u00e9rminos y Condiciones, tiene prohibido usar el [&hellip;]<\/p>\n","protected":false},"author":1,"featured_media":0,"parent":0,"menu_order":0,"comment_status":"closed","ping_status":"closed","template":"","meta":{"_et_pb_use_builder":"on","_et_pb_old_content":"","_et_gb_content_width":"","inline_featured_image":false,"_joinchat":[],"footnotes":""},"class_list":["post-1552","page","type-page","status-publish","hentry"],"yoast_head":"<!-- This site is optimized with the Yoast SEO plugin v26.9 - https:\/\/yoast.com\/product\/yoast-seo-wordpress\/ -->\n<title>T\u00e9rminos y Condiciones - Airtech<\/title>\n<meta name=\"robots\" content=\"index, follow, max-snippet:-1, max-image-preview:large, max-video-preview:-1\" \/>\n<link rel=\"canonical\" href=\"https:\/\/airtechbpo.com\/es\/terminos-y-condiciones\/\" \/>\n<meta property=\"og:locale\" content=\"es_ES\" \/>\n<meta property=\"og:type\" content=\"article\" \/>\n<meta property=\"og:title\" content=\"T\u00e9rminos y Condiciones - Airtech\" \/>\n<meta property=\"og:description\" content=\"Uso del Sitio Web de Airtech BPO1. Introducci\u00f3n Estos T\u00e9rminos y Condiciones rigen su acceso y uso del sitio web de Airtech BPO, ubicado en www.airtechbpo.com. Al usar el Sitio Web, usted acepta estar sujeto a estos T\u00e9rminos y Condiciones. Si no est\u00e1 de acuerdo con todos estos T\u00e9rminos y Condiciones, tiene prohibido usar el [&hellip;]\" \/>\n<meta property=\"og:url\" content=\"https:\/\/airtechbpo.com\/es\/terminos-y-condiciones\/\" \/>\n<meta property=\"og:site_name\" content=\"Airtech\" \/>\n<meta property=\"article:modified_time\" content=\"2024-06-06T20:22:49+00:00\" \/>\n<meta name=\"twitter:card\" content=\"summary_large_image\" \/>\n<meta name=\"twitter:label1\" content=\"Tiempo de lectura\" \/>\n\t<meta name=\"twitter:data1\" content=\"4 minutos\" \/>\n<!-- \/ Yoast SEO plugin. -->","yoast_head_json":{"title":"T\u00e9rminos y Condiciones - Airtech","robots":{"index":"index","follow":"follow","max-snippet":"max-snippet:-1","max-image-preview":"max-image-preview:large","max-video-preview":"max-video-preview:-1"},"canonical":"https:\/\/airtechbpo.com\/es\/terminos-y-condiciones\/","og_locale":"es_ES","og_type":"article","og_title":"T\u00e9rminos y Condiciones - Airtech","og_description":"Uso del Sitio Web de Airtech BPO1. Introducci\u00f3n Estos T\u00e9rminos y Condiciones rigen su acceso y uso del sitio web de Airtech BPO, ubicado en www.airtechbpo.com. Al usar el Sitio Web, usted acepta estar sujeto a estos T\u00e9rminos y Condiciones. Si no est\u00e1 de acuerdo con todos estos T\u00e9rminos y Condiciones, tiene prohibido usar el [&hellip;]","og_url":"https:\/\/airtechbpo.com\/es\/terminos-y-condiciones\/","og_site_name":"Airtech","article_modified_time":"2024-06-06T20:22:49+00:00","twitter_card":"summary_large_image","twitter_misc":{"Tiempo de lectura":"4 minutos"},"schema":{"@context":"https:\/\/schema.org","@graph":[{"@type":"WebPage","@id":"https:\/\/airtechbpo.com\/es\/terminos-y-condiciones\/","url":"https:\/\/airtechbpo.com\/es\/terminos-y-condiciones\/","name":"T\u00e9rminos y Condiciones - Airtech","isPartOf":{"@id":"https:\/\/airtechbpo.com\/es\/#website"},"datePublished":"2024-05-17T13:35:49+00:00","dateModified":"2024-06-06T20:22:49+00:00","breadcrumb":{"@id":"https:\/\/airtechbpo.com\/es\/terminos-y-condiciones\/#breadcrumb"},"inLanguage":"es","potentialAction":[{"@type":"ReadAction","target":["https:\/\/airtechbpo.com\/es\/terminos-y-condiciones\/"]}]},{"@type":"BreadcrumbList","@id":"https:\/\/airtechbpo.com\/es\/terminos-y-condiciones\/#breadcrumb","itemListElement":[{"@type":"ListItem","position":1,"name":"Home","item":"https:\/\/airtechbpo.com\/es\/"},{"@type":"ListItem","position":2,"name":"T\u00e9rminos y Condiciones"}]},{"@type":"WebSite","@id":"https:\/\/airtechbpo.com\/es\/#website","url":"https:\/\/airtechbpo.com\/es\/","name":"Airtech","description":"Airtech","potentialAction":[{"@type":"SearchAction","target":{"@type":"EntryPoint","urlTemplate":"https:\/\/airtechbpo.com\/es\/?s={search_term_string}"},"query-input":{"@type":"PropertyValueSpecification","valueRequired":true,"valueName":"search_term_string"}}],"inLanguage":"es"}]}},"_links":{"self":[{"href":"https:\/\/airtechbpo.com\/es\/wp-json\/wp\/v2\/pages\/1552","targetHints":{"allow":["GET"]}}],"collection":[{"href":"https:\/\/airtechbpo.com\/es\/wp-json\/wp\/v2\/pages"}],"about":[{"href":"https:\/\/airtechbpo.com\/es\/wp-json\/wp\/v2\/types\/page"}],"author":[{"embeddable":true,"href":"https:\/\/airtechbpo.com\/es\/wp-json\/wp\/v2\/users\/1"}],"replies":[{"embeddable":true,"href":"https:\/\/airtechbpo.com\/es\/wp-json\/wp\/v2\/comments?post=1552"}],"version-history":[{"count":2,"href":"https:\/\/airtechbpo.com\/es\/wp-json\/wp\/v2\/pages\/1552\/revisions"}],"predecessor-version":[{"id":1554,"href":"https:\/\/airtechbpo.com\/es\/wp-json\/wp\/v2\/pages\/1552\/revisions\/1554"}],"wp:attachment":[{"href":"https:\/\/airtechbpo.com\/es\/wp-json\/wp\/v2\/media?parent=1552"}],"curies":[{"name":"wp","href":"https:\/\/api.w.org\/{rel}","templated":true}]}}